{"id":1726,"date":"2018-04-16T16:41:53","date_gmt":"2018-04-16T14:41:53","guid":{"rendered":"http:\/\/catalystteambuilding.cz\/career\/"},"modified":"2021-12-13T17:23:20","modified_gmt":"2021-12-13T16:23:20","slug":"career","status":"publish","type":"page","link":"https:\/\/catalystteambuilding.cz\/en\/career\/","title":{"rendered":"Career"},"content":{"rendered":"<p><div class=\"fusion-fullwidth fullwidth-box fusion-builder-row-1 fusion-flex-container nonhundred-percent-fullwidth non-hundred-percent-height-scrolling\" style=\"--awb-border-radius-top-left:0px;--awb-border-radius-top-right:0px;--awb-border-radius-bottom-right:0px;--awb-border-radius-bottom-left:0px;--awb-flex-wrap:wrap;\" ><div class=\"fusion-builder-row fusion-row fusion-flex-align-items-flex-start fusion-flex-content-wrap\" style=\"max-width:calc( 1100px + 0px );margin-left: calc(-0px \/ 2 );margin-right: calc(-0px \/ 2 );\"><div class=\"fusion-layout-column fusion_builder_column fusion-builder-column-0 fusion_builder_column_1_1 1_1 fusion-flex-column\" style=\"--awb-bg-size:cover;--awb-width-large:100%;--awb-margin-top-large:0px;--awb-spacing-right-large:0px;--awb-margin-bottom-large:0px;--awb-spacing-left-large:0px;--awb-width-medium:100%;--awb-spacing-right-medium:0px;--awb-spacing-left-medium:0px;--awb-width-small:100%;--awb-spacing-right-small:0px;--awb-spacing-left-small:0px;\"><div class=\"fusion-column-wrapper fusion-flex-justify-content-flex-start fusion-content-layout-column\"><div class=\"fusion-title title fusion-title-1 fusion-sep-none fusion-title-center fusion-title-text fusion-title-size-one\" style=\"--awb-margin-top-small:0px;--awb-margin-right-small:0px;--awb-margin-bottom-small:20px;--awb-margin-left-small:0px;\"><h1 class=\"fusion-title-heading title-heading-center\" style=\"margin:0;\">CAREER<\/h1><\/div><div class=\"fusion-text fusion-text-1\"><p>For our fast-growing team we are looking for creative people who are not afraid of new challenges and can take full responsibility and initiative. You don\u00b4t need any special education to work with us. We&#8217;ll teach you what we can and you&#8217;ll teach us what we don\u00b4t know yet. But what is an indispensable ingredient for working in Catalyst is the desire to work. We are looking for proactive people who can speak in Czech and English, or just English. Any other language is a great advantage!<\/p>\n<p>We do not always have vacancies in our office, but we are constantly pushing for skilled part time workers who are looking for a good financial reward.<\/p>\n<p>For the current job offer, please see below. If you do not find any offer, it does not matter at all. Write an e-mail with your CV, call us or just come by to see us. Eventually who knows &#8230; Maybe your life story will take our breath out and we open a new job position. So do not hesitate and contact us at any time.<\/p>\n<p>We will be looking forward to meet you!<\/p>\n<\/div><\/div><\/div><\/div><\/div><div class=\"fusion-fullwidth fullwidth-box fusion-builder-row-2 fusion-flex-container nonhundred-percent-fullwidth non-hundred-percent-height-scrolling\" style=\"--awb-border-radius-top-left:0px;--awb-border-radius-top-right:0px;--awb-border-radius-bottom-right:0px;--awb-border-radius-bottom-left:0px;--awb-padding-bottom:140px;--awb-flex-wrap:wrap;\" ><div class=\"fusion-builder-row fusion-row fusion-flex-align-items-flex-start fusion-flex-content-wrap\" style=\"max-width:1144px;margin-left: calc(-4% \/ 2 );margin-right: calc(-4% \/ 2 );\"><div class=\"fusion-layout-column fusion_builder_column fusion-builder-column-1 fusion_builder_column_1_1 1_1 fusion-flex-column\" style=\"--awb-bg-size:cover;--awb-width-large:100%;--awb-margin-top-large:0px;--awb-spacing-right-large:1.92%;--awb-margin-bottom-large:0px;--awb-spacing-left-large:1.92%;--awb-width-medium:100%;--awb-order-medium:0;--awb-spacing-right-medium:1.92%;--awb-spacing-left-medium:1.92%;--awb-width-small:100%;--awb-order-small:0;--awb-spacing-right-small:1.92%;--awb-spacing-left-small:1.92%;\"><div class=\"fusion-column-wrapper fusion-column-has-shadow fusion-flex-justify-content-flex-start fusion-content-layout-column\">\n<div class=\"fusion-slider-revolution rev_slider_wrapper\">\t\t\t<!-- START Kontakty REVOLUTION SLIDER 6.7.41 --><p class=\"rs-p-wp-fix\"><\/p>\n\t\t\t<rs-module-wrap id=\"rev_slider_48_1_wrapper\" data-source=\"gallery\" style=\"visibility:hidden;background:transparent;padding:;margin:0px auto;margin-top:0;margin-bottom:150;\">\n\t\t\t\t<rs-module id=\"rev_slider_48_1\" style=\"\" data-version=\"6.7.41\">\n\t\t\t\t\t<rs-slides style=\"overflow: hidden; position: absolute;\">\n\t\t\t\t\t\t<rs-slide style=\"position: absolute;\" data-key=\"rs-241\" data-title=\"Slide\" data-thumb=\"\/\/catalystteambuilding.cz\/wp-content\/uploads\/2018\/04\/Team-Catalyst-spolecne-s-vedenim-na-mezinarodnim-veletrhu-cestovniho-ruchu-Imex-Frankfurt-144x96.jpg\" data-anim=\"adpr:false;\">\n\t\t\t\t\t\t\t<img decoding=\"async\" src=\"\/\/catalystteambuilding.cz\/wp-content\/plugins\/revslider\/sr6\/assets\/assets\/dummy.png\" alt=\"\" title=\"Team Catalyst spolecne s vedenim na mezinarodnim veletrhu cestovniho ruchu Imex Frankfurt\" width=\"960\" height=\"720\" class=\"rev-slidebg tp-rs-img rs-lazyload\" data-lazyload=\"\/\/catalystteambuilding.cz\/wp-content\/uploads\/2018\/04\/Team-Catalyst-spolecne-s-vedenim-na-mezinarodnim-veletrhu-cestovniho-ruchu-Imex-Frankfurt.jpg\" data-bg=\"f:contain;\" data-parallax=\"off\" data-no-retina>\n<!---->\t\t\t\t\t<\/rs-slide>\n\t\t\t\t\t\t<rs-slide style=\"position: absolute;\" data-key=\"rs-242\" data-title=\"Slide\" data-thumb=\"\/\/catalystteambuilding.cz\/wp-content\/uploads\/2018\/04\/Team-Catalyst-si-uziva-praci-s-lidmi-e1526309164964-144x96.jpg\" data-anim=\"adpr:false;\">\n\t\t\t\t\t\t\t<img decoding=\"async\" src=\"\/\/catalystteambuilding.cz\/wp-content\/plugins\/revslider\/sr6\/assets\/assets\/dummy.png\" alt=\"\" title=\"Career\" class=\"rev-slidebg tp-rs-img rs-lazyload\" data-lazyload=\"\/\/catalystteambuilding.cz\/wp-content\/uploads\/2018\/04\/Team-Catalyst-si-uziva-praci-s-lidmi-e1526309164964.jpg\" data-parallax=\"off\" data-no-retina>\n<!---->\t\t\t\t\t<\/rs-slide>\n\t\t\t\t\t\t<rs-slide style=\"position: absolute;\" data-key=\"rs-243\" data-title=\"Slide\" data-thumb=\"\/\/catalystteambuilding.cz\/wp-content\/uploads\/2018\/04\/Soucasti-prace-v-Catalyst-je-moderovani-akci-e1526309179549-144x96.jpg\" data-anim=\"adpr:false;\">\n\t\t\t\t\t\t\t<img decoding=\"async\" src=\"\/\/catalystteambuilding.cz\/wp-content\/plugins\/revslider\/sr6\/assets\/assets\/dummy.png\" alt=\"\" title=\"Career\" class=\"rev-slidebg tp-rs-img rs-lazyload\" data-lazyload=\"\/\/catalystteambuilding.cz\/wp-content\/uploads\/2018\/04\/Soucasti-prace-v-Catalyst-je-moderovani-akci-e1526309179549.jpg\" data-parallax=\"off\" data-no-retina>\n<!---->\t\t\t\t\t<\/rs-slide>\n\t\t\t\t\t\t<rs-slide style=\"position: absolute;\" data-key=\"rs-244\" data-title=\"Slide\" data-thumb=\"\/\/catalystteambuilding.cz\/wp-content\/uploads\/2018\/04\/Moderator-dela-zhodnoceni-cele-akce-e1526309199823-144x96.jpg\" data-anim=\"adpr:false;\">\n\t\t\t\t\t\t\t<img decoding=\"async\" src=\"\/\/catalystteambuilding.cz\/wp-content\/plugins\/revslider\/sr6\/assets\/assets\/dummy.png\" alt=\"\" title=\"Career\" class=\"rev-slidebg tp-rs-img rs-lazyload\" data-lazyload=\"\/\/catalystteambuilding.cz\/wp-content\/uploads\/2018\/04\/Moderator-dela-zhodnoceni-cele-akce-e1526309199823.jpg\" data-parallax=\"off\" data-no-retina>\n<!---->\t\t\t\t\t<\/rs-slide>\n\t\t\t\t\t\t<rs-slide style=\"position: absolute;\" data-key=\"rs-245\" data-title=\"Slide\" data-thumb=\"\/\/catalystteambuilding.cz\/wp-content\/uploads\/2018\/04\/Clen-team-Catalyst-vysvetluje-napln-hry-Orchestrate-144x96.jpg\" data-anim=\"adpr:false;\">\n\t\t\t\t\t\t\t<img decoding=\"async\" src=\"\/\/catalystteambuilding.cz\/wp-content\/plugins\/revslider\/sr6\/assets\/assets\/dummy.png\" alt=\"\" title=\"Career\" class=\"rev-slidebg tp-rs-img rs-lazyload\" data-lazyload=\"\/\/catalystteambuilding.cz\/wp-content\/uploads\/2018\/04\/Clen-team-Catalyst-vysvetluje-napln-hry-Orchestrate.jpg\" data-parallax=\"off\" data-no-retina>\n<!---->\t\t\t\t\t<\/rs-slide>\n\t\t\t\t\t<\/rs-slides>\n\t\t\t\t<\/rs-module>\n\t\t\t\t<script>\n\t\t\t\t\tsetREVStartSize({c: 'rev_slider_48_1',rl:[1240,1024,768,480],el:[],gw:[800],gh:[600],type:'carousel',justify:'',layout:'fullwidth',mh:\"0\"});if (window.RS_MODULES!==undefined && window.RS_MODULES.modules!==undefined && window.RS_MODULES.modules[\"revslider481\"]!==undefined) {window.RS_MODULES.modules[\"revslider481\"].once = false;window.revapi48 = undefined;if (window.RS_MODULES.checkMinimal!==undefined) window.RS_MODULES.checkMinimal()}\n\t\t\t\t<\/script>\n\t\t\t<\/rs-module-wrap>\n\t\t\t<!-- END REVOLUTION SLIDER -->\n<\/div><\/div><\/div><\/div><\/div><\/p>\n","protected":false},"excerpt":{"rendered":"","protected":false},"author":6,"featured_media":0,"parent":0,"menu_order":0,"comment_status":"closed","ping_status":"closed","template":"","meta":{"footnotes":""},"class_list":["post-1726","page","type-page","status-publish","hentry"],"yoast_head":"<!-- This site is optimized with the Yoast SEO plugin v27.5 - https:\/\/yoast.com\/product\/yoast-seo-wordpress\/ -->\n<title>Career - Opportunity to work for Catalyst Teambuilding Czech Republic<\/title>\n<meta name=\"description\" content=\"Are you a creative person? Do you speak at least one foreign language? Do you like challenges? Work with us! Looking forward to meet you!\" \/>\n<meta name=\"robots\" content=\"index, follow, max-snippet:-1, max-image-preview:large, max-video-preview:-1\" \/>\n<link rel=\"canonical\" href=\"https:\/\/catalystteambuilding.cz\/en\/career\/\" \/>\n<meta property=\"og:locale\" content=\"en_US\" \/>\n<meta property=\"og:type\" content=\"article\" \/>\n<meta property=\"og:title\" content=\"Career - Opportunity to work for Catalyst Teambuilding Czech Republic\" \/>\n<meta property=\"og:description\" content=\"Are you a creative person? Do you speak at least one foreign language? Do you like challenges? Work with us! Looking forward to meet you!\" \/>\n<meta property=\"og:url\" content=\"https:\/\/catalystteambuilding.cz\/en\/career\/\" \/>\n<meta property=\"og:site_name\" content=\"Catalyst Czech Republic s.r.o.\" \/>\n<meta property=\"article:publisher\" content=\"https:\/\/www.facebook.com\/Catalystczechrepublic\/\" \/>\n<meta property=\"article:modified_time\" content=\"2021-12-13T16:23:20+00:00\" \/>\n<meta name=\"twitter:card\" content=\"summary_large_image\" \/>\n<meta name=\"twitter:label1\" content=\"Est. reading time\" \/>\n\t<meta name=\"twitter:data1\" content=\"3 minutes\" \/>\n<script type=\"application\/ld+json\" class=\"yoast-schema-graph\">{\"@context\":\"https:\\\/\\\/schema.org\",\"@graph\":[{\"@type\":\"WebPage\",\"@id\":\"https:\\\/\\\/catalystteambuilding.cz\\\/en\\\/career\\\/\",\"url\":\"https:\\\/\\\/catalystteambuilding.cz\\\/en\\\/career\\\/\",\"name\":\"Career - Opportunity to work for Catalyst Teambuilding Czech Republic\",\"isPartOf\":{\"@id\":\"https:\\\/\\\/catalystteambuilding.cz\\\/#website\"},\"datePublished\":\"2018-04-16T14:41:53+00:00\",\"dateModified\":\"2021-12-13T16:23:20+00:00\",\"description\":\"Are you a creative person? Do you speak at least one foreign language? Do you like challenges? Work with us! Looking forward to meet you!\",\"breadcrumb\":{\"@id\":\"https:\\\/\\\/catalystteambuilding.cz\\\/en\\\/career\\\/#breadcrumb\"},\"inLanguage\":\"en-US\",\"potentialAction\":[{\"@type\":\"ReadAction\",\"target\":[\"https:\\\/\\\/catalystteambuilding.cz\\\/en\\\/career\\\/\"]}]},{\"@type\":\"BreadcrumbList\",\"@id\":\"https:\\\/\\\/catalystteambuilding.cz\\\/en\\\/career\\\/#breadcrumb\",\"itemListElement\":[{\"@type\":\"ListItem\",\"position\":1,\"name\":\"Home\",\"item\":\"https:\\\/\\\/catalystteambuilding.cz\\\/en\\\/\"},{\"@type\":\"ListItem\",\"position\":2,\"name\":\"Career\"}]},{\"@type\":\"WebSite\",\"@id\":\"https:\\\/\\\/catalystteambuilding.cz\\\/#website\",\"url\":\"https:\\\/\\\/catalystteambuilding.cz\\\/\",\"name\":\"Catalyst Czech Republic s.r.o.\",\"description\":\"Webov\u00e1 str\u00e1nka Catalyst \u010cesk\u00e1 republika\",\"potentialAction\":[{\"@type\":\"SearchAction\",\"target\":{\"@type\":\"EntryPoint\",\"urlTemplate\":\"https:\\\/\\\/catalystteambuilding.cz\\\/?s={search_term_string}\"},\"query-input\":{\"@type\":\"PropertyValueSpecification\",\"valueRequired\":true,\"valueName\":\"search_term_string\"}}],\"inLanguage\":\"en-US\"}]}<\/script>\n<!-- \/ Yoast SEO plugin. -->","yoast_head_json":{"title":"Career - Opportunity to work for Catalyst Teambuilding Czech Republic","description":"Are you a creative person? Do you speak at least one foreign language? Do you like challenges? Work with us! Looking forward to meet you!","robots":{"index":"index","follow":"follow","max-snippet":"max-snippet:-1","max-image-preview":"max-image-preview:large","max-video-preview":"max-video-preview:-1"},"canonical":"https:\/\/catalystteambuilding.cz\/en\/career\/","og_locale":"en_US","og_type":"article","og_title":"Career - Opportunity to work for Catalyst Teambuilding Czech Republic","og_description":"Are you a creative person? Do you speak at least one foreign language? Do you like challenges? Work with us! Looking forward to meet you!","og_url":"https:\/\/catalystteambuilding.cz\/en\/career\/","og_site_name":"Catalyst Czech Republic s.r.o.","article_publisher":"https:\/\/www.facebook.com\/Catalystczechrepublic\/","article_modified_time":"2021-12-13T16:23:20+00:00","twitter_card":"summary_large_image","twitter_misc":{"Est. reading time":"3 minutes"},"schema":{"@context":"https:\/\/schema.org","@graph":[{"@type":"WebPage","@id":"https:\/\/catalystteambuilding.cz\/en\/career\/","url":"https:\/\/catalystteambuilding.cz\/en\/career\/","name":"Career - Opportunity to work for Catalyst Teambuilding Czech Republic","isPartOf":{"@id":"https:\/\/catalystteambuilding.cz\/#website"},"datePublished":"2018-04-16T14:41:53+00:00","dateModified":"2021-12-13T16:23:20+00:00","description":"Are you a creative person? Do you speak at least one foreign language? Do you like challenges? Work with us! Looking forward to meet you!","breadcrumb":{"@id":"https:\/\/catalystteambuilding.cz\/en\/career\/#breadcrumb"},"inLanguage":"en-US","potentialAction":[{"@type":"ReadAction","target":["https:\/\/catalystteambuilding.cz\/en\/career\/"]}]},{"@type":"BreadcrumbList","@id":"https:\/\/catalystteambuilding.cz\/en\/career\/#breadcrumb","itemListElement":[{"@type":"ListItem","position":1,"name":"Home","item":"https:\/\/catalystteambuilding.cz\/en\/"},{"@type":"ListItem","position":2,"name":"Career"}]},{"@type":"WebSite","@id":"https:\/\/catalystteambuilding.cz\/#website","url":"https:\/\/catalystteambuilding.cz\/","name":"Catalyst Czech Republic s.r.o.","description":"Webov\u00e1 str\u00e1nka Catalyst \u010cesk\u00e1 republika","potentialAction":[{"@type":"SearchAction","target":{"@type":"EntryPoint","urlTemplate":"https:\/\/catalystteambuilding.cz\/?s={search_term_string}"},"query-input":{"@type":"PropertyValueSpecification","valueRequired":true,"valueName":"search_term_string"}}],"inLanguage":"en-US"}]}},"_links":{"self":[{"href":"https:\/\/catalystteambuilding.cz\/en\/wp-json\/wp\/v2\/pages\/1726","targetHints":{"allow":["GET"]}}],"collection":[{"href":"https:\/\/catalystteambuilding.cz\/en\/wp-json\/wp\/v2\/pages"}],"about":[{"href":"https:\/\/catalystteambuilding.cz\/en\/wp-json\/wp\/v2\/types\/page"}],"author":[{"embeddable":true,"href":"https:\/\/catalystteambuilding.cz\/en\/wp-json\/wp\/v2\/users\/6"}],"replies":[{"embeddable":true,"href":"https:\/\/catalystteambuilding.cz\/en\/wp-json\/wp\/v2\/comments?post=1726"}],"version-history":[{"count":3,"href":"https:\/\/catalystteambuilding.cz\/en\/wp-json\/wp\/v2\/pages\/1726\/revisions"}],"predecessor-version":[{"id":4976,"href":"https:\/\/catalystteambuilding.cz\/en\/wp-json\/wp\/v2\/pages\/1726\/revisions\/4976"}],"wp:attachment":[{"href":"https:\/\/catalystteambuilding.cz\/en\/wp-json\/wp\/v2\/media?parent=1726"}],"curies":[{"name":"wp","href":"https:\/\/api.w.org\/{rel}","templated":true}]}}