{"id":2429,"date":"2018-05-24T20:57:24","date_gmt":"2018-05-24T18:57:24","guid":{"rendered":"https:\/\/catalystteambuilding.cz\/private-data-protection-by-catalyst-teambuilding-czech-republic\/"},"modified":"2021-02-12T15:54:03","modified_gmt":"2021-02-12T14:54:03","slug":"data-protection","status":"publish","type":"page","link":"https:\/\/catalystteambuilding.cz\/en\/data-protection\/","title":{"rendered":"Private data protection by Catalyst Teambuilding Czech Republic"},"content":{"rendered":"<p><div class=\"fusion-fullwidth fullwidth-box fusion-builder-row-1 fusion-flex-container nonhundred-percent-fullwidth non-hundred-percent-height-scrolling\" style=\"--awb-border-radius-top-left:0px;--awb-border-radius-top-right:0px;--awb-border-radius-bottom-right:0px;--awb-border-radius-bottom-left:0px;--awb-flex-wrap:wrap;\" ><div class=\"fusion-builder-row fusion-row fusion-flex-align-items-flex-start fusion-flex-content-wrap\" style=\"max-width:calc( 1100px + 0px );margin-left: calc(-0px \/ 2 );margin-right: calc(-0px \/ 2 );\"><div class=\"fusion-layout-column fusion_builder_column fusion-builder-column-0 fusion_builder_column_1_1 1_1 fusion-flex-column\" style=\"--awb-bg-size:cover;--awb-width-large:100%;--awb-margin-top-large:0px;--awb-spacing-right-large:0px;--awb-margin-bottom-large:0px;--awb-spacing-left-large:0px;--awb-width-medium:100%;--awb-spacing-right-medium:0px;--awb-spacing-left-medium:0px;--awb-width-small:100%;--awb-spacing-right-small:0px;--awb-spacing-left-small:0px;\"><div class=\"fusion-column-wrapper fusion-flex-justify-content-flex-start fusion-content-layout-column\"><div class=\"fusion-title title fusion-title-1 fusion-sep-none fusion-title-text fusion-title-size-one\" style=\"--awb-margin-top-small:0px;--awb-margin-right-small:0px;--awb-margin-bottom-small:20px;--awb-margin-left-small:0px;\"><h1 class=\"fusion-title-heading title-heading-left\" style=\"margin:0;\"><p>Private data protection<br \/>\nCatalyst Teambuilding Czech Republic<\/p><\/h1><\/div><\/div><\/div><\/div><\/div><div class=\"fusion-fullwidth fullwidth-box fusion-builder-row-2 fusion-flex-container nonhundred-percent-fullwidth non-hundred-percent-height-scrolling\" style=\"--awb-border-radius-top-left:0px;--awb-border-radius-top-right:0px;--awb-border-radius-bottom-right:0px;--awb-border-radius-bottom-left:0px;--awb-flex-wrap:wrap;\" ><div class=\"fusion-builder-row fusion-row fusion-flex-align-items-flex-start fusion-flex-content-wrap\" style=\"max-width:calc( 1100px + 0px );margin-left: calc(-0px \/ 2 );margin-right: calc(-0px \/ 2 );\"><div class=\"fusion-layout-column fusion_builder_column fusion-builder-column-1 fusion_builder_column_1_1 1_1 fusion-flex-column\" style=\"--awb-bg-size:cover;--awb-width-large:100%;--awb-margin-top-large:0px;--awb-spacing-right-large:0px;--awb-margin-bottom-large:0px;--awb-spacing-left-large:0px;--awb-width-medium:100%;--awb-spacing-right-medium:0px;--awb-spacing-left-medium:0px;--awb-width-small:100%;--awb-spacing-right-small:0px;--awb-spacing-left-small:0px;\"><div class=\"fusion-column-wrapper fusion-flex-justify-content-flex-start fusion-content-layout-column\"><div class=\"fusion-text fusion-text-1\"><p>Your privacy is of an utmost importance for us. Because of it, we are handling your private data as carefully as we can, as well as in compliance with valid laws and regulations, especially the Regulation of European Parliament and the Council of the European Union 2016\/679 (General Data Protection Regulation, mostly known as GDPR) and the Czech law No. 101\/2000 about protection of private data.<\/p>\n<\/div><\/div><\/div><\/div><\/div><div class=\"fusion-fullwidth fullwidth-box fusion-builder-row-3 fusion-flex-container nonhundred-percent-fullwidth non-hundred-percent-height-scrolling\" style=\"--awb-border-radius-top-left:0px;--awb-border-radius-top-right:0px;--awb-border-radius-bottom-right:0px;--awb-border-radius-bottom-left:0px;--awb-flex-wrap:wrap;\" ><div class=\"fusion-builder-row fusion-row fusion-flex-align-items-flex-start fusion-flex-content-wrap\" style=\"max-width:calc( 1100px + 0px );margin-left: calc(-0px \/ 2 );margin-right: calc(-0px \/ 2 );\"><div class=\"fusion-layout-column fusion_builder_column fusion-builder-column-2 fusion_builder_column_1_1 1_1 fusion-flex-column\" style=\"--awb-bg-size:cover;--awb-width-large:100%;--awb-margin-top-large:0px;--awb-spacing-right-large:0px;--awb-margin-bottom-large:0px;--awb-spacing-left-large:0px;--awb-width-medium:100%;--awb-spacing-right-medium:0px;--awb-spacing-left-medium:0px;--awb-width-small:100%;--awb-spacing-right-small:0px;--awb-spacing-left-small:0px;\"><div class=\"fusion-column-wrapper fusion-flex-justify-content-flex-start fusion-content-layout-column\"><div class=\"fusion-title title fusion-title-2 fusion-sep-none fusion-title-text fusion-title-size-two\" style=\"--awb-margin-top-small:0px;--awb-margin-right-small:0px;--awb-margin-bottom-small:20px;--awb-margin-left-small:0px;\"><h2 class=\"fusion-title-heading title-heading-left\" style=\"margin:0;\">Cookies usage consent revocation<\/h2><\/div><a role='button' tabindex='0' id=\"cookie_action_close_header_reject\"  class=\"medium cli-plugin-button cli-plugin-main-button cookie_action_close_header_reject cli_action_button wt-cli-reject-btn\"  data-cli_action=\"reject\">I disagree<\/a><div class=\"fusion-text fusion-text-2\"><p>Clicking this button will revoke your cookies consent.<\/p>\n<\/div><\/div><\/div><\/div><\/div><div class=\"fusion-fullwidth fullwidth-box fusion-builder-row-4 fusion-flex-container nonhundred-percent-fullwidth non-hundred-percent-height-scrolling\" style=\"--awb-border-radius-top-left:0px;--awb-border-radius-top-right:0px;--awb-border-radius-bottom-right:0px;--awb-border-radius-bottom-left:0px;--awb-flex-wrap:wrap;\" ><div class=\"fusion-builder-row fusion-row fusion-flex-align-items-flex-start fusion-flex-content-wrap\" style=\"max-width:calc( 1100px + 0px );margin-left: calc(-0px \/ 2 );margin-right: calc(-0px \/ 2 );\"><div class=\"fusion-layout-column fusion_builder_column fusion-builder-column-3 fusion_builder_column_1_1 1_1 fusion-flex-column\" style=\"--awb-bg-size:cover;--awb-width-large:100%;--awb-margin-top-large:0px;--awb-spacing-right-large:0px;--awb-margin-bottom-large:0px;--awb-spacing-left-large:0px;--awb-width-medium:100%;--awb-spacing-right-medium:0px;--awb-spacing-left-medium:0px;--awb-width-small:100%;--awb-spacing-right-small:0px;--awb-spacing-left-small:0px;\"><div class=\"fusion-column-wrapper fusion-flex-justify-content-flex-start fusion-content-layout-column\"><div class=\"fusion-text fusion-text-3\"><p class=\"p1\">You may even regulate or even completely block in your web browser. Official resources for the main internet browsers are listed as follows:<\/p>\n<ul class=\"ul1\">\n<li class=\"li1\">Google Chrome:\u00a0<a href=\"https:\/\/support.google.com\/\"><span class=\"s2\">support.google.com<\/span><\/a><\/li>\n<li class=\"li2\"><span class=\"s4\">Safari:\u00a0<a href=\"https:\/\/support.apple.com\/\"><span class=\"s5\">support.apple.com<\/span><\/a><\/span><\/li>\n<li class=\"li1\">Mozilla Firefox:\u00a0<a href=\"https:\/\/support.mozilla.org\/\"><span class=\"s2\">support.mozilla.org<\/span><\/a><\/li>\n<li class=\"li1\">Internet Explorer:\u00a0<a href=\"http:\/\/windows.microsoft.com\/\"><span class=\"s2\">windows.microsoft.com<\/span><\/a><\/li>\n<li class=\"li2\"><span class=\"s4\">Opera:\u00a0<a href=\"http:\/\/help.opera.com\/\"><span class=\"s5\">help.opera.com<\/span><\/a><\/span><\/li>\n<\/ul>\n<\/div><\/div><\/div><\/div><\/div><div class=\"fusion-fullwidth fullwidth-box fusion-builder-row-5 fusion-flex-container nonhundred-percent-fullwidth non-hundred-percent-height-scrolling\" style=\"--awb-border-radius-top-left:0px;--awb-border-radius-top-right:0px;--awb-border-radius-bottom-right:0px;--awb-border-radius-bottom-left:0px;--awb-flex-wrap:wrap;\" ><div class=\"fusion-builder-row fusion-row fusion-flex-align-items-flex-start fusion-flex-content-wrap\" style=\"max-width:calc( 1100px + 0px );margin-left: calc(-0px \/ 2 );margin-right: calc(-0px \/ 2 );\"><div class=\"fusion-layout-column fusion_builder_column fusion-builder-column-4 fusion_builder_column_1_1 1_1 fusion-flex-column\" style=\"--awb-bg-size:cover;--awb-width-large:100%;--awb-margin-top-large:0px;--awb-spacing-right-large:0px;--awb-margin-bottom-large:0px;--awb-spacing-left-large:0px;--awb-width-medium:100%;--awb-spacing-right-medium:0px;--awb-spacing-left-medium:0px;--awb-width-small:100%;--awb-spacing-right-small:0px;--awb-spacing-left-small:0px;\"><div class=\"fusion-column-wrapper fusion-flex-justify-content-flex-start fusion-content-layout-column\"><div class=\"fusion-title title fusion-title-3 fusion-sep-none fusion-title-text fusion-title-size-two\" style=\"--awb-margin-top-small:0px;--awb-margin-right-small:0px;--awb-margin-bottom-small:20px;--awb-margin-left-small:0px;\"><h2 class=\"fusion-title-heading title-heading-left\" style=\"margin:0;\">Which private data are we collecting actually?<\/h2><\/div><\/div><\/div><\/div><\/div><div class=\"fusion-fullwidth fullwidth-box fusion-builder-row-6 fusion-flex-container nonhundred-percent-fullwidth non-hundred-percent-height-scrolling\" style=\"--awb-border-radius-top-left:0px;--awb-border-radius-top-right:0px;--awb-border-radius-bottom-right:0px;--awb-border-radius-bottom-left:0px;--awb-flex-wrap:wrap;\" ><div class=\"fusion-builder-row fusion-row fusion-flex-align-items-flex-start fusion-flex-content-wrap\" style=\"max-width:calc( 1100px + 0px );margin-left: calc(-0px \/ 2 );margin-right: calc(-0px \/ 2 );\"><div class=\"fusion-layout-column fusion_builder_column fusion-builder-column-5 fusion_builder_column_1_1 1_1 fusion-flex-column\" style=\"--awb-bg-size:cover;--awb-width-large:100%;--awb-margin-top-large:0px;--awb-spacing-right-large:0px;--awb-margin-bottom-large:0px;--awb-spacing-left-large:0px;--awb-width-medium:100%;--awb-spacing-right-medium:0px;--awb-spacing-left-medium:0px;--awb-width-small:100%;--awb-spacing-right-small:0px;--awb-spacing-left-small:0px;\"><div class=\"fusion-column-wrapper fusion-flex-justify-content-flex-start fusion-content-layout-column\"><div class=\"fusion-text fusion-text-4\"><p>We are gathering only private data that we need to provide better services on this website and to improve it continuously.<\/p>\n<p>The administrator and processor of the private data is the agency Maxin PRAGUE, address: Spojovaci 24, CZ-190 00, Prague; registered by the Municipal Court in Prague, Section C, Insert 69996 &#8211; under the company ID 25784846.<\/p>\n<p>This website informs about the processing and protecion of the user private data under the Czech law 101\/2000 about the private data protection and changes in connected laws, in its valid version; then under the Czech law 480\/2004 about services of the information society and changes in connected laws, in its valid version, and under the Directive (EU) 2016\/679 on protection of citizen rights in connection to processing private data and free movement of this data and cancellation of the Directive 96\/46\/ES (futher on as &#8220;GDPR&#8221;).<\/p>\n<p>These are the most times:<\/p>\n<p>First name, family name and email address<br \/>\nCookies and IP address<\/p>\n<p>These data are stored in the period of three years, only if valid laws do not request a different period of storage. Cookies have various retention, according to its type. Their retention is set up in a way, so that the website &#8220;remembers&#8221; your settings and you don&#8217;t have to approve things over and over again.<\/p>\n<p>Some external service providers are helping us with their services for this website. Some of your private data may be stored by them, but always according to the valid rules:<\/p>\n<ul>\n<li>MailChimp (mailing service provider):<br \/>\n<a href=\"https:\/\/kb.mailchimp.com\/accounts\/management\/about-the-general-data-protection-regulation\" target=\"_blank\" rel=\"noopener noreferrer\">https:\/\/kb.mailchimp.com\/accounts\/management\/about-the-general-data-protection-regulation<\/a><\/li>\n<li>Google (videos, advertising campaigns, analytic tools):<br \/>\n<a href=\"https:\/\/policies.google.com\/privacy\/update\" target=\"_blank\" rel=\"noopener noreferrer\">https:\/\/policies.google.com\/privacy\/update<\/a><\/li>\n<li>Facebook (so-called Facebook Pixel is used for remarketing campaigns on this social media):<br \/>\n<a href=\"https:\/\/www.facebook.com\/about\/privacy\/update\" target=\"_blank\" rel=\"noopener noreferrer\">https:\/\/www.facebook.com\/about\/privacy\/update<\/a><\/li>\n<li>MeetingBox (event management tools we are delivering to you, including invoicing):<br \/>\n<a href=\"https:\/\/succevo.com\/meetingbox\/\" target=\"_blank\" rel=\"noopener noreferrer\">https:\/\/succevo.com\/meetingbox\/<\/a><\/li>\n<li>Active24 (hosting service provider)<br \/>\n<a href=\"https:\/\/www.active24.cz\/\" target=\"_blank\" rel=\"noopener noreferrer\">https:\/\/www.active24.cz\/<\/a><\/li>\n<\/ul>\n<\/div><\/div><\/div><\/div><\/div><div class=\"fusion-fullwidth fullwidth-box fusion-builder-row-7 fusion-flex-container nonhundred-percent-fullwidth non-hundred-percent-height-scrolling\" style=\"--awb-border-radius-top-left:0px;--awb-border-radius-top-right:0px;--awb-border-radius-bottom-right:0px;--awb-border-radius-bottom-left:0px;--awb-flex-wrap:wrap;\" ><div class=\"fusion-builder-row fusion-row fusion-flex-align-items-flex-start fusion-flex-content-wrap\" style=\"max-width:calc( 1100px + 0px );margin-left: calc(-0px \/ 2 );margin-right: calc(-0px \/ 2 );\"><div class=\"fusion-layout-column fusion_builder_column fusion-builder-column-6 fusion_builder_column_1_1 1_1 fusion-flex-column\" style=\"--awb-bg-size:cover;--awb-width-large:100%;--awb-margin-top-large:0px;--awb-spacing-right-large:0px;--awb-margin-bottom-large:0px;--awb-spacing-left-large:0px;--awb-width-medium:100%;--awb-spacing-right-medium:0px;--awb-spacing-left-medium:0px;--awb-width-small:100%;--awb-spacing-right-small:0px;--awb-spacing-left-small:0px;\"><div class=\"fusion-column-wrapper fusion-flex-justify-content-flex-start fusion-content-layout-column\"><div class=\"fusion-title title fusion-title-4 fusion-sep-none fusion-title-text fusion-title-size-two\" style=\"--awb-margin-top-small:0px;--awb-margin-right-small:0px;--awb-margin-bottom-small:20px;--awb-margin-left-small:0px;\"><h2 class=\"fusion-title-heading title-heading-left\" style=\"margin:0;\">Where can you ask a question, or place an objection connected with our handling of your private data?<\/h2><\/div><\/div><\/div><\/div><\/div><div class=\"fusion-fullwidth fullwidth-box fusion-builder-row-8 fusion-flex-container nonhundred-percent-fullwidth non-hundred-percent-height-scrolling\" style=\"--awb-border-radius-top-left:0px;--awb-border-radius-top-right:0px;--awb-border-radius-bottom-right:0px;--awb-border-radius-bottom-left:0px;--awb-flex-wrap:wrap;\" ><div class=\"fusion-builder-row fusion-row fusion-flex-align-items-flex-start fusion-flex-content-wrap\" style=\"max-width:calc( 1100px + 0px );margin-left: calc(-0px \/ 2 );margin-right: calc(-0px \/ 2 );\"><div class=\"fusion-layout-column fusion_builder_column fusion-builder-column-7 fusion_builder_column_1_1 1_1 fusion-flex-column\" style=\"--awb-bg-size:cover;--awb-width-large:100%;--awb-margin-top-large:0px;--awb-spacing-right-large:0px;--awb-margin-bottom-large:0px;--awb-spacing-left-large:0px;--awb-width-medium:100%;--awb-spacing-right-medium:0px;--awb-spacing-left-medium:0px;--awb-width-small:100%;--awb-spacing-right-small:0px;--awb-spacing-left-small:0px;\"><div class=\"fusion-column-wrapper fusion-flex-justify-content-flex-start fusion-content-layout-column\"><div class=\"fusion-text fusion-text-5\"><p>Questions, or even objections connected with the processing of private data by Maxin PRAGUE s.r.o., the operator of this website, may be sent to this email address:<\/p>\n<p><a href=\"mailto:info@catalystteambuilding.cz\">info@catalystteambuilding.cz<\/a><\/p>\n<\/div><\/div><\/div><\/div><\/div><\/p>\n","protected":false},"excerpt":{"rendered":"","protected":false},"author":6,"featured_media":0,"parent":0,"menu_order":0,"comment_status":"closed","ping_status":"closed","template":"","meta":{"footnotes":""},"class_list":["post-2429","page","type-page","status-publish","hentry"],"yoast_head":"<!-- This site is optimized with the Yoast SEO plugin v27.5 - https:\/\/yoast.com\/product\/yoast-seo-wordpress\/ -->\n<title>Private Data Protection - Catalyst Teambuilding Czech Republic<\/title>\n<meta name=\"description\" content=\"Site about how we handle your private data, such as IP address, or cookies. Full information about how catalystteambuilding.cz complements with GDPR.\" \/>\n<meta name=\"robots\" content=\"index, nofollow, max-snippet:-1, max-image-preview:large, max-video-preview:-1\" \/>\n<link rel=\"canonical\" href=\"https:\/\/matoosh.cz\/private-data-protection-by-matoosh-s-r-o\/?lang=en\" \/>\n<meta property=\"og:locale\" content=\"en_US\" \/>\n<meta property=\"og:type\" content=\"article\" \/>\n<meta property=\"og:title\" content=\"Private Data Protection - Catalyst Teambuilding Czech Republic\" \/>\n<meta property=\"og:description\" content=\"Site about how we handle your private data, such as IP address, or cookies. Full information about how catalystteambuilding.cz complements with GDPR.\" \/>\n<meta property=\"og:url\" content=\"https:\/\/matoosh.cz\/private-data-protection-by-matoosh-s-r-o\/?lang=en\" \/>\n<meta property=\"og:site_name\" content=\"Catalyst Czech Republic s.r.o.\" \/>\n<meta property=\"article:publisher\" content=\"https:\/\/www.facebook.com\/Catalystczechrepublic\/\" \/>\n<meta property=\"article:modified_time\" content=\"2021-02-12T14:54:03+00:00\" \/>\n<meta name=\"twitter:card\" content=\"summary_large_image\" \/>\n<meta name=\"twitter:label1\" content=\"Est. reading time\" \/>\n\t<meta name=\"twitter:data1\" content=\"11 minutes\" \/>\n<script type=\"application\/ld+json\" class=\"yoast-schema-graph\">{\"@context\":\"https:\\\/\\\/schema.org\",\"@graph\":[{\"@type\":\"WebPage\",\"@id\":\"https:\\\/\\\/catalystteambuilding.cz\\\/en\\\/data-protection\\\/\",\"url\":\"https:\\\/\\\/matoosh.cz\\\/private-data-protection-by-matoosh-s-r-o\\\/?lang=en\",\"name\":\"Private Data Protection - Catalyst Teambuilding Czech Republic\",\"isPartOf\":{\"@id\":\"https:\\\/\\\/catalystteambuilding.cz\\\/#website\"},\"datePublished\":\"2018-05-24T18:57:24+00:00\",\"dateModified\":\"2021-02-12T14:54:03+00:00\",\"description\":\"Site about how we handle your private data, such as IP address, or cookies. Full information about how catalystteambuilding.cz complements with GDPR.\",\"breadcrumb\":{\"@id\":\"https:\\\/\\\/matoosh.cz\\\/private-data-protection-by-matoosh-s-r-o\\\/?lang=en#breadcrumb\"},\"inLanguage\":\"en-US\",\"potentialAction\":[{\"@type\":\"ReadAction\",\"target\":[\"https:\\\/\\\/matoosh.cz\\\/private-data-protection-by-matoosh-s-r-o\\\/?lang=en\"]}]},{\"@type\":\"BreadcrumbList\",\"@id\":\"https:\\\/\\\/matoosh.cz\\\/private-data-protection-by-matoosh-s-r-o\\\/?lang=en#breadcrumb\",\"itemListElement\":[{\"@type\":\"ListItem\",\"position\":1,\"name\":\"Home\",\"item\":\"https:\\\/\\\/catalystteambuilding.cz\\\/en\\\/\"},{\"@type\":\"ListItem\",\"position\":2,\"name\":\"Private data protection by Catalyst Teambuilding Czech Republic\"}]},{\"@type\":\"WebSite\",\"@id\":\"https:\\\/\\\/catalystteambuilding.cz\\\/#website\",\"url\":\"https:\\\/\\\/catalystteambuilding.cz\\\/\",\"name\":\"Catalyst Czech Republic s.r.o.\",\"description\":\"Webov\u00e1 str\u00e1nka Catalyst \u010cesk\u00e1 republika\",\"potentialAction\":[{\"@type\":\"SearchAction\",\"target\":{\"@type\":\"EntryPoint\",\"urlTemplate\":\"https:\\\/\\\/catalystteambuilding.cz\\\/?s={search_term_string}\"},\"query-input\":{\"@type\":\"PropertyValueSpecification\",\"valueRequired\":true,\"valueName\":\"search_term_string\"}}],\"inLanguage\":\"en-US\"}]}<\/script>\n<!-- \/ Yoast SEO plugin. -->","yoast_head_json":{"title":"Private Data Protection - Catalyst Teambuilding Czech Republic","description":"Site about how we handle your private data, such as IP address, or cookies. Full information about how catalystteambuilding.cz complements with GDPR.","robots":{"index":"index","follow":"nofollow","max-snippet":"max-snippet:-1","max-image-preview":"max-image-preview:large","max-video-preview":"max-video-preview:-1"},"canonical":"https:\/\/matoosh.cz\/private-data-protection-by-matoosh-s-r-o\/?lang=en","og_locale":"en_US","og_type":"article","og_title":"Private Data Protection - Catalyst Teambuilding Czech Republic","og_description":"Site about how we handle your private data, such as IP address, or cookies. Full information about how catalystteambuilding.cz complements with GDPR.","og_url":"https:\/\/matoosh.cz\/private-data-protection-by-matoosh-s-r-o\/?lang=en","og_site_name":"Catalyst Czech Republic s.r.o.","article_publisher":"https:\/\/www.facebook.com\/Catalystczechrepublic\/","article_modified_time":"2021-02-12T14:54:03+00:00","twitter_card":"summary_large_image","twitter_misc":{"Est. reading time":"11 minutes"},"schema":{"@context":"https:\/\/schema.org","@graph":[{"@type":"WebPage","@id":"https:\/\/catalystteambuilding.cz\/en\/data-protection\/","url":"https:\/\/matoosh.cz\/private-data-protection-by-matoosh-s-r-o\/?lang=en","name":"Private Data Protection - Catalyst Teambuilding Czech Republic","isPartOf":{"@id":"https:\/\/catalystteambuilding.cz\/#website"},"datePublished":"2018-05-24T18:57:24+00:00","dateModified":"2021-02-12T14:54:03+00:00","description":"Site about how we handle your private data, such as IP address, or cookies. Full information about how catalystteambuilding.cz complements with GDPR.","breadcrumb":{"@id":"https:\/\/matoosh.cz\/private-data-protection-by-matoosh-s-r-o\/?lang=en#breadcrumb"},"inLanguage":"en-US","potentialAction":[{"@type":"ReadAction","target":["https:\/\/matoosh.cz\/private-data-protection-by-matoosh-s-r-o\/?lang=en"]}]},{"@type":"BreadcrumbList","@id":"https:\/\/matoosh.cz\/private-data-protection-by-matoosh-s-r-o\/?lang=en#breadcrumb","itemListElement":[{"@type":"ListItem","position":1,"name":"Home","item":"https:\/\/catalystteambuilding.cz\/en\/"},{"@type":"ListItem","position":2,"name":"Private data protection by Catalyst Teambuilding Czech Republic"}]},{"@type":"WebSite","@id":"https:\/\/catalystteambuilding.cz\/#website","url":"https:\/\/catalystteambuilding.cz\/","name":"Catalyst Czech Republic s.r.o.","description":"Webov\u00e1 str\u00e1nka Catalyst \u010cesk\u00e1 republika","potentialAction":[{"@type":"SearchAction","target":{"@type":"EntryPoint","urlTemplate":"https:\/\/catalystteambuilding.cz\/?s={search_term_string}"},"query-input":{"@type":"PropertyValueSpecification","valueRequired":true,"valueName":"search_term_string"}}],"inLanguage":"en-US"}]}},"_links":{"self":[{"href":"https:\/\/catalystteambuilding.cz\/en\/wp-json\/wp\/v2\/pages\/2429","targetHints":{"allow":["GET"]}}],"collection":[{"href":"https:\/\/catalystteambuilding.cz\/en\/wp-json\/wp\/v2\/pages"}],"about":[{"href":"https:\/\/catalystteambuilding.cz\/en\/wp-json\/wp\/v2\/types\/page"}],"author":[{"embeddable":true,"href":"https:\/\/catalystteambuilding.cz\/en\/wp-json\/wp\/v2\/users\/6"}],"replies":[{"embeddable":true,"href":"https:\/\/catalystteambuilding.cz\/en\/wp-json\/wp\/v2\/comments?post=2429"}],"version-history":[{"count":0,"href":"https:\/\/catalystteambuilding.cz\/en\/wp-json\/wp\/v2\/pages\/2429\/revisions"}],"wp:attachment":[{"href":"https:\/\/catalystteambuilding.cz\/en\/wp-json\/wp\/v2\/media?parent=2429"}],"curies":[{"name":"wp","href":"https:\/\/api.w.org\/{rel}","templated":true}]}}